{"id":310,"date":"2024-10-08T15:18:10","date_gmt":"2024-10-08T15:18:10","guid":{"rendered":"https:\/\/investmentsab.com\/?page_id=310"},"modified":"2024-12-16T20:56:10","modified_gmt":"2024-12-16T20:56:10","slug":"blog","status":"publish","type":"page","link":"https:\/\/investmentsab.com\/index.php\/blog\/","title":{"rendered":"Blog"},"content":{"rendered":"\t\t<div data-elementor-type=\"wp-page\" data-elementor-id=\"310\" class=\"elementor elementor-310\" data-elementor-post-type=\"page\">\n\t\t\t\t<div class=\"elementor-element elementor-element-f63a7e4 e-flex e-con-boxed wpr-particle-no wpr-jarallax-no wpr-parallax-no wpr-sticky-section-no e-con e-parent\" data-id=\"f63a7e4\" data-element_type=\"container\" data-e-type=\"container\" data-settings=\"{&quot;background_background&quot;:&quot;classic&quot;}\">\n\t\t\t\t\t<div class=\"e-con-inner\">\n\t\t\t\t<div class=\"elementor-element elementor-element-3e7d7fe5 elementor-invisible elementor-widget elementor-widget-heading\" data-id=\"3e7d7fe5\" data-element_type=\"widget\" data-e-type=\"widget\" data-settings=\"{&quot;_animation&quot;:&quot;fadeInRight&quot;,&quot;_animation_delay&quot;:200}\" data-widget_type=\"heading.default\">\n\t\t\t\t<div class=\"elementor-widget-container\">\n\t\t\t\t\t<h1 class=\"elementor-heading-title elementor-size-default\">Blog<\/h1>\t\t\t\t<\/div>\n\t\t\t\t<\/div>\n\t\t\t\t\t<\/div>\n\t\t\t\t<\/div>\n\t\t<div class=\"elementor-element elementor-element-19b87057 e-flex e-con-boxed wpr-particle-no wpr-jarallax-no wpr-parallax-no wpr-sticky-section-no e-con e-parent\" data-id=\"19b87057\" data-element_type=\"container\" data-e-type=\"container\" data-settings=\"{&quot;background_background&quot;:&quot;classic&quot;}\">\n\t\t\t\t\t<div class=\"e-con-inner\">\n\t\t\t\t<div class=\"elementor-element elementor-element-5ed61a6a elementor-grid-3 elementor-grid-tablet-2 elementor-grid-mobile-1 elementor-posts--thumbnail-top elementor-card-shadow-yes elementor-posts__hover-gradient elementor-widget elementor-widget-posts\" data-id=\"5ed61a6a\" data-element_type=\"widget\" data-e-type=\"widget\" data-settings=\"{&quot;pagination_type&quot;:&quot;numbers_and_prev_next&quot;,&quot;cards_row_gap&quot;:{&quot;unit&quot;:&quot;px&quot;,&quot;size&quot;:25,&quot;sizes&quot;:[]},&quot;cards_columns&quot;:&quot;3&quot;,&quot;cards_columns_tablet&quot;:&quot;2&quot;,&quot;cards_columns_mobile&quot;:&quot;1&quot;,&quot;cards_row_gap_tablet&quot;:{&quot;unit&quot;:&quot;px&quot;,&quot;size&quot;:&quot;&quot;,&quot;sizes&quot;:[]},&quot;cards_row_gap_mobile&quot;:{&quot;unit&quot;:&quot;px&quot;,&quot;size&quot;:&quot;&quot;,&quot;sizes&quot;:[]}}\" data-widget_type=\"posts.cards\">\n\t\t\t\t<div class=\"elementor-widget-container\">\n\t\t\t\t\t\t\t<div class=\"elementor-posts-container elementor-posts elementor-posts--skin-cards elementor-grid\" role=\"list\">\n\t\t\t\t<article class=\"elementor-post elementor-grid-item post-2576 post type-post status-publish format-standard has-post-thumbnail hentry category-noticias\" role=\"listitem\">\n\t\t\t<div class=\"elementor-post__card\">\n\t\t\t\t<a class=\"elementor-post__thumbnail__link\" href=\"https:\/\/investmentsab.com\/index.php\/2026\/03\/02\/instituto-jhs-beneficio-a-cerca-de-500-ninos-y-jovenes-en-san-simon\/\" tabindex=\"-1\" target=\"_blank\"><div class=\"elementor-post__thumbnail\"><img fetchpriority=\"high\" decoding=\"async\" width=\"2560\" height=\"1126\" src=\"https:\/\/investmentsab.com\/wp-content\/uploads\/2026\/03\/2026_FUNDACION_JHS_-_SAN_SIMON_JR0666.JPG-scaled.jpeg\" class=\"attachment-full size-full wp-image-2577\" alt=\"\" srcset=\"https:\/\/investmentsab.com\/wp-content\/uploads\/2026\/03\/2026_FUNDACION_JHS_-_SAN_SIMON_JR0666.JPG-scaled.jpeg 2560w, https:\/\/investmentsab.com\/wp-content\/uploads\/2026\/03\/2026_FUNDACION_JHS_-_SAN_SIMON_JR0666.JPG-300x132.jpeg 300w, https:\/\/investmentsab.com\/wp-content\/uploads\/2026\/03\/2026_FUNDACION_JHS_-_SAN_SIMON_JR0666.JPG-1024x450.jpeg 1024w, https:\/\/investmentsab.com\/wp-content\/uploads\/2026\/03\/2026_FUNDACION_JHS_-_SAN_SIMON_JR0666.JPG-768x338.jpeg 768w, https:\/\/investmentsab.com\/wp-content\/uploads\/2026\/03\/2026_FUNDACION_JHS_-_SAN_SIMON_JR0666.JPG-1536x676.jpeg 1536w, https:\/\/investmentsab.com\/wp-content\/uploads\/2026\/03\/2026_FUNDACION_JHS_-_SAN_SIMON_JR0666.JPG-2048x901.jpeg 2048w\" sizes=\"(max-width: 2560px) 100vw, 2560px\" \/><\/div><\/a>\n\t\t\t\t<div class=\"elementor-post__badge\">Noticias<\/div>\n\t\t\t\t<div class=\"elementor-post__text\">\n\t\t\t\t<h3 class=\"elementor-post__title\">\n\t\t\t<a href=\"https:\/\/investmentsab.com\/index.php\/2026\/03\/02\/instituto-jhs-beneficio-a-cerca-de-500-ninos-y-jovenes-en-san-simon\/\" target=&quot;_blank&quot;>\n\t\t\t\tInstituto JHS benefici\u00f3 a cerca de 500 ni\u00f1os y j\u00f3venes en San Sim\u00f3n\t\t\t<\/a>\n\t\t<\/h3>\n\t\t\t\t\t<div class=\"elementor-post__read-more-wrapper\">\n\t\t\n\t\t<a class=\"elementor-post__read-more\" href=\"https:\/\/investmentsab.com\/index.php\/2026\/03\/02\/instituto-jhs-beneficio-a-cerca-de-500-ninos-y-jovenes-en-san-simon\/\" aria-label=\"M\u00e1s informaci\u00f3n sobre Instituto JHS benefici\u00f3 a cerca de 500 ni\u00f1os y j\u00f3venes en San Sim\u00f3n\" tabindex=\"-1\" target=\"_blank\">\n\t\t\tVer M\u00e1s \u00bb\t\t<\/a>\n\n\t\t\t\t\t<\/div>\n\t\t\t\t<\/div>\n\t\t\t\t<div class=\"elementor-post__meta-data\">\n\t\t\t\t\t<span class=\"elementor-post-date\">\n\t\t\t2 de marzo de 2026\t\t<\/span>\n\t\t\t\t<span class=\"elementor-post-avatar\">\n\t\t\tNo hay comentarios\t\t<\/span>\n\t\t\t\t<\/div>\n\t\t\t\t\t<\/div>\n\t\t<\/article>\n\t\t\t\t<article class=\"elementor-post elementor-grid-item post-2572 post type-post status-publish format-standard has-post-thumbnail hentry category-noticias\" role=\"listitem\">\n\t\t\t<div class=\"elementor-post__card\">\n\t\t\t\t<a class=\"elementor-post__thumbnail__link\" href=\"https:\/\/investmentsab.com\/index.php\/2026\/03\/02\/la-vii-expo-feria-jhs-del-instituto-universitario-jhs-estuvo-marcada-por-la-innovacion-y-el-compromiso\/\" tabindex=\"-1\" target=\"_blank\"><div class=\"elementor-post__thumbnail\"><img decoding=\"async\" width=\"2560\" height=\"1920\" src=\"https:\/\/investmentsab.com\/wp-content\/uploads\/2026\/03\/IMG_1839.JPG-scaled.jpeg\" class=\"attachment-full size-full wp-image-2573\" alt=\"\" srcset=\"https:\/\/investmentsab.com\/wp-content\/uploads\/2026\/03\/IMG_1839.JPG-scaled.jpeg 2560w, https:\/\/investmentsab.com\/wp-content\/uploads\/2026\/03\/IMG_1839.JPG-300x225.jpeg 300w, https:\/\/investmentsab.com\/wp-content\/uploads\/2026\/03\/IMG_1839.JPG-1024x768.jpeg 1024w, https:\/\/investmentsab.com\/wp-content\/uploads\/2026\/03\/IMG_1839.JPG-768x576.jpeg 768w, https:\/\/investmentsab.com\/wp-content\/uploads\/2026\/03\/IMG_1839.JPG-1536x1152.jpeg 1536w, https:\/\/investmentsab.com\/wp-content\/uploads\/2026\/03\/IMG_1839.JPG-2048x1536.jpeg 2048w\" sizes=\"(max-width: 2560px) 100vw, 2560px\" \/><\/div><\/a>\n\t\t\t\t<div class=\"elementor-post__badge\">Noticias<\/div>\n\t\t\t\t<div class=\"elementor-post__text\">\n\t\t\t\t<h3 class=\"elementor-post__title\">\n\t\t\t<a href=\"https:\/\/investmentsab.com\/index.php\/2026\/03\/02\/la-vii-expo-feria-jhs-del-instituto-universitario-jhs-estuvo-marcada-por-la-innovacion-y-el-compromiso\/\" target=&quot;_blank&quot;>\n\t\t\t\tLa VII Expo Feria JHS del Instituto Universitario JHS estuvo marcada por la innovaci\u00f3n y el compromiso\t\t\t<\/a>\n\t\t<\/h3>\n\t\t\t\t\t<div class=\"elementor-post__read-more-wrapper\">\n\t\t\n\t\t<a class=\"elementor-post__read-more\" href=\"https:\/\/investmentsab.com\/index.php\/2026\/03\/02\/la-vii-expo-feria-jhs-del-instituto-universitario-jhs-estuvo-marcada-por-la-innovacion-y-el-compromiso\/\" aria-label=\"M\u00e1s informaci\u00f3n sobre La VII Expo Feria JHS del Instituto Universitario JHS estuvo marcada por la innovaci\u00f3n y el compromiso\" tabindex=\"-1\" target=\"_blank\">\n\t\t\tVer M\u00e1s \u00bb\t\t<\/a>\n\n\t\t\t\t\t<\/div>\n\t\t\t\t<\/div>\n\t\t\t\t<div class=\"elementor-post__meta-data\">\n\t\t\t\t\t<span class=\"elementor-post-date\">\n\t\t\t2 de marzo de 2026\t\t<\/span>\n\t\t\t\t<span class=\"elementor-post-avatar\">\n\t\t\tNo hay comentarios\t\t<\/span>\n\t\t\t\t<\/div>\n\t\t\t\t\t<\/div>\n\t\t<\/article>\n\t\t\t\t<article class=\"elementor-post elementor-grid-item post-2569 post type-post status-publish format-standard has-post-thumbnail hentry category-noticias\" role=\"listitem\">\n\t\t\t<div class=\"elementor-post__card\">\n\t\t\t\t<a class=\"elementor-post__thumbnail__link\" href=\"https:\/\/investmentsab.com\/index.php\/2026\/03\/02\/corporacion-jhs-inicia-programa-de-formacion-fortalecer-la-voceria-corporativa\/\" tabindex=\"-1\" target=\"_blank\"><div class=\"elementor-post__thumbnail\"><img decoding=\"async\" width=\"1280\" height=\"960\" src=\"https:\/\/investmentsab.com\/wp-content\/uploads\/2026\/03\/WhatsApp_Image_2026-02-13_at_11.32.19_AM.jpeg\" class=\"attachment-full size-full wp-image-2570\" alt=\"\" srcset=\"https:\/\/investmentsab.com\/wp-content\/uploads\/2026\/03\/WhatsApp_Image_2026-02-13_at_11.32.19_AM.jpeg 1280w, https:\/\/investmentsab.com\/wp-content\/uploads\/2026\/03\/WhatsApp_Image_2026-02-13_at_11.32.19_AM-300x225.jpeg 300w, https:\/\/investmentsab.com\/wp-content\/uploads\/2026\/03\/WhatsApp_Image_2026-02-13_at_11.32.19_AM-1024x768.jpeg 1024w, https:\/\/investmentsab.com\/wp-content\/uploads\/2026\/03\/WhatsApp_Image_2026-02-13_at_11.32.19_AM-768x576.jpeg 768w\" sizes=\"(max-width: 1280px) 100vw, 1280px\" \/><\/div><\/a>\n\t\t\t\t<div class=\"elementor-post__badge\">Noticias<\/div>\n\t\t\t\t<div class=\"elementor-post__text\">\n\t\t\t\t<h3 class=\"elementor-post__title\">\n\t\t\t<a href=\"https:\/\/investmentsab.com\/index.php\/2026\/03\/02\/corporacion-jhs-inicia-programa-de-formacion-fortalecer-la-voceria-corporativa\/\" target=&quot;_blank&quot;>\n\t\t\t\tCORPORACI\u00d3N JHS INICIA PROGRAMA DE FORMACI\u00d3N FORTALECER LA VOCER\u00cdA CORPORATIVA\t\t\t<\/a>\n\t\t<\/h3>\n\t\t\t\t\t<div class=\"elementor-post__read-more-wrapper\">\n\t\t\n\t\t<a class=\"elementor-post__read-more\" href=\"https:\/\/investmentsab.com\/index.php\/2026\/03\/02\/corporacion-jhs-inicia-programa-de-formacion-fortalecer-la-voceria-corporativa\/\" aria-label=\"M\u00e1s informaci\u00f3n sobre CORPORACI\u00d3N JHS INICIA PROGRAMA DE FORMACI\u00d3N FORTALECER LA VOCER\u00cdA CORPORATIVA\" tabindex=\"-1\" target=\"_blank\">\n\t\t\tVer M\u00e1s \u00bb\t\t<\/a>\n\n\t\t\t\t\t<\/div>\n\t\t\t\t<\/div>\n\t\t\t\t<div class=\"elementor-post__meta-data\">\n\t\t\t\t\t<span class=\"elementor-post-date\">\n\t\t\t2 de marzo de 2026\t\t<\/span>\n\t\t\t\t<span class=\"elementor-post-avatar\">\n\t\t\tNo hay comentarios\t\t<\/span>\n\t\t\t\t<\/div>\n\t\t\t\t\t<\/div>\n\t\t<\/article>\n\t\t\t\t<article class=\"elementor-post elementor-grid-item post-2565 post type-post status-publish format-standard has-post-thumbnail hentry category-noticias\" role=\"listitem\">\n\t\t\t<div class=\"elementor-post__card\">\n\t\t\t\t<a class=\"elementor-post__thumbnail__link\" href=\"https:\/\/investmentsab.com\/index.php\/2026\/03\/02\/corporacion-jhs-traza-su-ruta-estrategica-para-el-2026\/\" tabindex=\"-1\" target=\"_blank\"><div class=\"elementor-post__thumbnail\"><img loading=\"lazy\" decoding=\"async\" width=\"1080\" height=\"810\" src=\"https:\/\/investmentsab.com\/wp-content\/uploads\/2026\/03\/WhatsApp_Image_2026-02-25_at_5.11.51_PM_1.jpeg\" class=\"attachment-full size-full wp-image-2566\" alt=\"\" srcset=\"https:\/\/investmentsab.com\/wp-content\/uploads\/2026\/03\/WhatsApp_Image_2026-02-25_at_5.11.51_PM_1.jpeg 1080w, https:\/\/investmentsab.com\/wp-content\/uploads\/2026\/03\/WhatsApp_Image_2026-02-25_at_5.11.51_PM_1-300x225.jpeg 300w, https:\/\/investmentsab.com\/wp-content\/uploads\/2026\/03\/WhatsApp_Image_2026-02-25_at_5.11.51_PM_1-1024x768.jpeg 1024w, https:\/\/investmentsab.com\/wp-content\/uploads\/2026\/03\/WhatsApp_Image_2026-02-25_at_5.11.51_PM_1-768x576.jpeg 768w\" sizes=\"(max-width: 1080px) 100vw, 1080px\" \/><\/div><\/a>\n\t\t\t\t<div class=\"elementor-post__badge\">Noticias<\/div>\n\t\t\t\t<div class=\"elementor-post__text\">\n\t\t\t\t<h3 class=\"elementor-post__title\">\n\t\t\t<a href=\"https:\/\/investmentsab.com\/index.php\/2026\/03\/02\/corporacion-jhs-traza-su-ruta-estrategica-para-el-2026\/\" target=&quot;_blank&quot;>\n\t\t\t\tCorporaci\u00f3n JHS traza su ruta estrat\u00e9gica para el 2026\t\t\t<\/a>\n\t\t<\/h3>\n\t\t\t\t\t<div class=\"elementor-post__read-more-wrapper\">\n\t\t\n\t\t<a class=\"elementor-post__read-more\" href=\"https:\/\/investmentsab.com\/index.php\/2026\/03\/02\/corporacion-jhs-traza-su-ruta-estrategica-para-el-2026\/\" aria-label=\"M\u00e1s informaci\u00f3n sobre Corporaci\u00f3n JHS traza su ruta estrat\u00e9gica para el 2026\" tabindex=\"-1\" target=\"_blank\">\n\t\t\tVer M\u00e1s \u00bb\t\t<\/a>\n\n\t\t\t\t\t<\/div>\n\t\t\t\t<\/div>\n\t\t\t\t<div class=\"elementor-post__meta-data\">\n\t\t\t\t\t<span class=\"elementor-post-date\">\n\t\t\t2 de marzo de 2026\t\t<\/span>\n\t\t\t\t<span class=\"elementor-post-avatar\">\n\t\t\tNo hay comentarios\t\t<\/span>\n\t\t\t\t<\/div>\n\t\t\t\t\t<\/div>\n\t\t<\/article>\n\t\t\t\t<article class=\"elementor-post elementor-grid-item post-2547 post type-post status-publish format-standard has-post-thumbnail hentry category-noticias\" role=\"listitem\">\n\t\t\t<div class=\"elementor-post__card\">\n\t\t\t\t<a class=\"elementor-post__thumbnail__link\" href=\"https:\/\/investmentsab.com\/index.php\/2026\/01\/30\/corporacion-jhs-impulsa-su-transformacion-digital-con-el-desarrollo-de-su-nueva-intranet\/\" tabindex=\"-1\" target=\"_blank\"><div class=\"elementor-post__thumbnail\"><img loading=\"lazy\" decoding=\"async\" width=\"1376\" height=\"788\" src=\"https:\/\/investmentsab.com\/wp-content\/uploads\/2026\/01\/JHS.png\" class=\"attachment-full size-full wp-image-2553\" alt=\"\" srcset=\"https:\/\/investmentsab.com\/wp-content\/uploads\/2026\/01\/JHS.png 1376w, https:\/\/investmentsab.com\/wp-content\/uploads\/2026\/01\/JHS-300x172.png 300w, https:\/\/investmentsab.com\/wp-content\/uploads\/2026\/01\/JHS-1024x586.png 1024w, https:\/\/investmentsab.com\/wp-content\/uploads\/2026\/01\/JHS-768x440.png 768w\" sizes=\"(max-width: 1376px) 100vw, 1376px\" \/><\/div><\/a>\n\t\t\t\t<div class=\"elementor-post__badge\">Noticias<\/div>\n\t\t\t\t<div class=\"elementor-post__text\">\n\t\t\t\t<h3 class=\"elementor-post__title\">\n\t\t\t<a href=\"https:\/\/investmentsab.com\/index.php\/2026\/01\/30\/corporacion-jhs-impulsa-su-transformacion-digital-con-el-desarrollo-de-su-nueva-intranet\/\" target=&quot;_blank&quot;>\n\t\t\t\tCorporaci\u00f3n JHS impulsa su transformaci\u00f3n digital con el desarrollo de su nueva Intranet\t\t\t<\/a>\n\t\t<\/h3>\n\t\t\t\t\t<div class=\"elementor-post__read-more-wrapper\">\n\t\t\n\t\t<a class=\"elementor-post__read-more\" href=\"https:\/\/investmentsab.com\/index.php\/2026\/01\/30\/corporacion-jhs-impulsa-su-transformacion-digital-con-el-desarrollo-de-su-nueva-intranet\/\" aria-label=\"M\u00e1s informaci\u00f3n sobre Corporaci\u00f3n JHS impulsa su transformaci\u00f3n digital con el desarrollo de su nueva Intranet\" tabindex=\"-1\" target=\"_blank\">\n\t\t\tVer M\u00e1s \u00bb\t\t<\/a>\n\n\t\t\t\t\t<\/div>\n\t\t\t\t<\/div>\n\t\t\t\t<div class=\"elementor-post__meta-data\">\n\t\t\t\t\t<span class=\"elementor-post-date\">\n\t\t\t30 de enero de 2026\t\t<\/span>\n\t\t\t\t<span class=\"elementor-post-avatar\">\n\t\t\tNo hay comentarios\t\t<\/span>\n\t\t\t\t<\/div>\n\t\t\t\t\t<\/div>\n\t\t<\/article>\n\t\t\t\t<article class=\"elementor-post elementor-grid-item post-2542 post type-post status-publish format-standard has-post-thumbnail hentry category-noticias\" role=\"listitem\">\n\t\t\t<div class=\"elementor-post__card\">\n\t\t\t\t<a class=\"elementor-post__thumbnail__link\" href=\"https:\/\/investmentsab.com\/index.php\/2026\/01\/30\/instituto-jhs-la-red-comunitaria-que-transformo-el-mapa-social-de-venezuela-en-2025\/\" tabindex=\"-1\" target=\"_blank\"><div class=\"elementor-post__thumbnail\"><img loading=\"lazy\" decoding=\"async\" width=\"2560\" height=\"1920\" src=\"https:\/\/investmentsab.com\/wp-content\/uploads\/2026\/01\/RUTA-1.jpeg\" class=\"attachment-full size-full wp-image-2543\" alt=\"\" srcset=\"https:\/\/investmentsab.com\/wp-content\/uploads\/2026\/01\/RUTA-1.jpeg 2560w, https:\/\/investmentsab.com\/wp-content\/uploads\/2026\/01\/RUTA-1-300x225.jpeg 300w, https:\/\/investmentsab.com\/wp-content\/uploads\/2026\/01\/RUTA-1-1024x768.jpeg 1024w, https:\/\/investmentsab.com\/wp-content\/uploads\/2026\/01\/RUTA-1-768x576.jpeg 768w, https:\/\/investmentsab.com\/wp-content\/uploads\/2026\/01\/RUTA-1-1536x1152.jpeg 1536w, https:\/\/investmentsab.com\/wp-content\/uploads\/2026\/01\/RUTA-1-2048x1536.jpeg 2048w\" sizes=\"(max-width: 2560px) 100vw, 2560px\" \/><\/div><\/a>\n\t\t\t\t<div class=\"elementor-post__badge\">Noticias<\/div>\n\t\t\t\t<div class=\"elementor-post__text\">\n\t\t\t\t<h3 class=\"elementor-post__title\">\n\t\t\t<a href=\"https:\/\/investmentsab.com\/index.php\/2026\/01\/30\/instituto-jhs-la-red-comunitaria-que-transformo-el-mapa-social-de-venezuela-en-2025\/\" target=&quot;_blank&quot;>\n\t\t\t\tInstituto JHS: La red comunitaria que transform\u00f3 el mapa social de Venezuela en 2025\t\t\t<\/a>\n\t\t<\/h3>\n\t\t\t\t\t<div class=\"elementor-post__read-more-wrapper\">\n\t\t\n\t\t<a class=\"elementor-post__read-more\" href=\"https:\/\/investmentsab.com\/index.php\/2026\/01\/30\/instituto-jhs-la-red-comunitaria-que-transformo-el-mapa-social-de-venezuela-en-2025\/\" aria-label=\"M\u00e1s informaci\u00f3n sobre Instituto JHS: La red comunitaria que transform\u00f3 el mapa social de Venezuela en 2025\" tabindex=\"-1\" target=\"_blank\">\n\t\t\tVer M\u00e1s \u00bb\t\t<\/a>\n\n\t\t\t\t\t<\/div>\n\t\t\t\t<\/div>\n\t\t\t\t<div class=\"elementor-post__meta-data\">\n\t\t\t\t\t<span class=\"elementor-post-date\">\n\t\t\t30 de enero de 2026\t\t<\/span>\n\t\t\t\t<span class=\"elementor-post-avatar\">\n\t\t\tNo hay comentarios\t\t<\/span>\n\t\t\t\t<\/div>\n\t\t\t\t\t<\/div>\n\t\t<\/article>\n\t\t\t\t<\/div>\n\t\t\n\t\t\t\t<div class=\"e-load-more-anchor\" data-page=\"1\" data-max-page=\"20\" data-next-page=\"https:\/\/investmentsab.com\/index.php\/wp-json\/wp\/v2\/pages\/310\/page\/2\/\"><\/div>\n\t\t\t\t<nav class=\"elementor-pagination\" aria-label=\"Paginaci\u00f3n\">\n\t\t\t<span class=\"page-numbers prev\">&laquo; Anterior<\/span>\n<span aria-current=\"page\" class=\"page-numbers current\"><span class=\"elementor-screen-only\">P\u00e1gina<\/span>1<\/span>\n<a class=\"page-numbers\" href=\"https:\/\/investmentsab.com\/index.php\/wp-json\/wp\/v2\/pages\/310\/page\/2\/\"><span class=\"elementor-screen-only\">P\u00e1gina<\/span>2<\/a>\n<a class=\"page-numbers\" href=\"https:\/\/investmentsab.com\/index.php\/wp-json\/wp\/v2\/pages\/310\/page\/3\/\"><span class=\"elementor-screen-only\">P\u00e1gina<\/span>3<\/a>\n<a class=\"page-numbers\" href=\"https:\/\/investmentsab.com\/index.php\/wp-json\/wp\/v2\/pages\/310\/page\/4\/\"><span class=\"elementor-screen-only\">P\u00e1gina<\/span>4<\/a>\n<a class=\"page-numbers\" href=\"https:\/\/investmentsab.com\/index.php\/wp-json\/wp\/v2\/pages\/310\/page\/5\/\"><span class=\"elementor-screen-only\">P\u00e1gina<\/span>5<\/a>\n<a class=\"page-numbers next\" href=\"https:\/\/investmentsab.com\/index.php\/wp-json\/wp\/v2\/pages\/310\/page\/2\/\">Siguiente &raquo;<\/a>\t\t<\/nav>\n\t\t\t\t\t\t<\/div>\n\t\t\t\t<\/div>\n\t\t\t\t\t<\/div>\n\t\t\t\t<\/div>\n\t\t\t\t<\/div>\n\t\t","protected":false},"excerpt":{"rendered":"<p>Blog<\/p>\n","protected":false},"author":1,"featured_media":0,"parent":0,"menu_order":0,"comment_status":"closed","ping_status":"closed","template":"","meta":{"site-sidebar-layout":"no-sidebar","site-content-layout":"","ast-site-content-layout":"full-width-container","site-content-style":"default","site-sidebar-style":"default","ast-global-header-display":"","ast-banner-title-visibility":"","ast-main-header-display":"","ast-hfb-above-header-display":"","ast-hfb-below-header-display":"","ast-hfb-mobile-header-display":"","site-post-title":"disabled","ast-breadcrumbs-content":"","ast-featured-img":"disabled","footer-sml-layout":"","theme-transparent-header-meta":"","adv-header-id-meta":"","stick-header-meta":"","header-above-stick-meta":"","header-main-stick-meta":"","header-below-stick-meta":"","astra-migrate-meta-layouts":"default","ast-page-background-enabled":"default","ast-page-background-meta":{"desktop":{"background-color":"var(--ast-global-color-4)","background-image":"","background-repeat":"repeat","background-position":"center center","background-size":"auto","background-attachment":"scroll","background-type":"","background-media":"","overlay-type":"","overlay-color":"","overlay-opacity":"","overlay-gradient":""},"tablet":{"background-color":"","background-image":"","background-repeat":"repeat","background-position":"center center","background-size":"auto","background-attachment":"scroll","background-type":"","background-media":"","overlay-type":"","overlay-color":"","overlay-opacity":"","overlay-gradient":""},"mobile":{"background-color":"","background-image":"","background-repeat":"repeat","background-position":"center center","background-size":"auto","background-attachment":"scroll","background-type":"","background-media":"","overlay-type":"","overlay-color":"","overlay-opacity":"","overlay-gradient":""}},"ast-content-background-meta":{"desktop":{"background-color":"var(--ast-global-color-5)","background-image":"","background-repeat":"repeat","background-position":"center center","background-size":"auto","background-attachment":"scroll","background-type":"","background-media":"","overlay-type":"","overlay-color":"","overlay-opacity":"","overlay-gradient":""},"tablet":{"background-color":"var(--ast-global-color-5)","background-image":"","background-repeat":"repeat","background-position":"center center","background-size":"auto","background-attachment":"scroll","background-type":"","background-media":"","overlay-type":"","overlay-color":"","overlay-opacity":"","overlay-gradient":""},"mobile":{"background-color":"var(--ast-global-color-5)","background-image":"","background-repeat":"repeat","background-position":"center center","background-size":"auto","background-attachment":"scroll","background-type":"","background-media":"","overlay-type":"","overlay-color":"","overlay-opacity":"","overlay-gradient":""}},"footnotes":""},"class_list":["post-310","page","type-page","status-publish","hentry"],"_links":{"self":[{"href":"https:\/\/investmentsab.com\/index.php\/wp-json\/wp\/v2\/pages\/310","targetHints":{"allow":["GET"]}}],"collection":[{"href":"https:\/\/investmentsab.com\/index.php\/wp-json\/wp\/v2\/pages"}],"about":[{"href":"https:\/\/investmentsab.com\/index.php\/wp-json\/wp\/v2\/types\/page"}],"author":[{"embeddable":true,"href":"https:\/\/investmentsab.com\/index.php\/wp-json\/wp\/v2\/users\/1"}],"replies":[{"embeddable":true,"href":"https:\/\/investmentsab.com\/index.php\/wp-json\/wp\/v2\/comments?post=310"}],"version-history":[{"count":25,"href":"https:\/\/investmentsab.com\/index.php\/wp-json\/wp\/v2\/pages\/310\/revisions"}],"predecessor-version":[{"id":720,"href":"https:\/\/investmentsab.com\/index.php\/wp-json\/wp\/v2\/pages\/310\/revisions\/720"}],"wp:attachment":[{"href":"https:\/\/investmentsab.com\/index.php\/wp-json\/wp\/v2\/media?parent=310"}],"curies":[{"name":"wp","href":"https:\/\/api.w.org\/{rel}","templated":true}]}}